{"id":1591,"date":"2013-04-29T14:00:03","date_gmt":"2013-04-29T13:00:03","guid":{"rendered":"http:\/\/www.data-protector.org\/wordpress\/?page_id=1591"},"modified":"2015-12-10T11:42:29","modified_gmt":"2015-12-10T10:42:29","slug":"faq","status":"publish","type":"page","link":"https:\/\/www.data-protector.org\/wordpress\/de\/faq\/","title":{"rendered":"FAQ"},"content":{"rendered":"<p><b>BRICK FAQ: Das Skript verursacht eine &#8222;Out of memory&#8220; Meldung<\/b><br \/>\nDas Skript kann eine &#8222;Out of memory&#8220; Meldung verursachen und bricht damit ab. Dies kann bei der Datei debug.log und bei einer Gr\u00f6\u00dfe von mindestens 1 GB passieren. In diesem Fall sollte die Datei &#8222;rotiert&#8220; werden.<\/p>\n<p><b>BRICK FAQ: Das Skript kann auf RedHat nicht gestartet werden<\/b><br \/>\nDa das Skript aus Kompatibilit\u00e4tsgr\u00fcnden mit der 32bit Version von Perl entwickelt wurde, kann es auf RedHat Systemen zu folgendem Fehler kommen: &#8218;\/lib\/ld-linux.so.2: bad ELF interpreter: No such file or directory&#8216;. In diesem Fall m\u00fcssen ben\u00f6tigte Libraries mit dem Kommando &#8218;yum -y install glibc.i686&#8216; installiert werden bevor BRICK genutzt werden kann.<\/p>\n<p><b>BRICK FAQ: Die generierten BRICK Reporte zeigen falsche Werte in Data Protector 8.0 Umgebungen<\/b><br \/>Die von BRICK generierten Reporte nutzen die Standard Kommandos von Data Protector. Auf Grund eines Bugs in der Version 8.0 werden in BRICK m\u00f6glicherweise auch falsche Werte angezeigt. Zur L\u00f6sung des Problems ist ein Service Request zu \u00f6ffnen und der Hotfix f\u00fcr das Reporting Problem zu installieren. Danach sollten die korrekten Werte in den Advanced Reports von BRICK angezeigt werden.<\/p>\n<p><b>BRICK FAQ: Die Laufzeit des BRICK Scripts ist sehr hoch und das Skript bleibt w\u00e4hrend des DNS Checks stehen<\/b><br \/>In gr\u00f6\u00dferen Umgebungen, bei einer hohen Anzahl von Clients in der Zelle oder langsamen DNS Servern kann es zu einer hohen Laufzeit des BRICK Skripts kommen. In diesem Fall hilft der Parameter <code>-no_dns<\/code>. Damit wird die DNS \u00dcberpr\u00fcfung \u00fcbersprungen und das Skript kann schneller abgearbeitet werden.<\/p>\n<p><b>BRICK FAQ: Die Auflistung der lokalen Gruppen in Windows produziert eine sehr gro\u00dfe Datei und die Laufzeit ist sehr hoch<\/b><br \/>Grund f\u00fcr das Problem ist die WMI Abfrage auf dem Server. Wenn verschachtelte Gruppen in der AD vorhanden sind, so beschr\u00e4nkt sich die WMI Abfrage nicht auf die lokalen Gruppen, sondern folgt dem Weg in der AD. Dies kann zu einer hohen Laufzeit f\u00fchren. Derzeit ist keine L\u00f6sung des Problems verf\u00fcgbar, das Auflisten der lokalen Gruppen wird mit Version 1.1 ge\u00e4ndert, zus\u00e4tzlich wird in Version 1.1 von BRICK die Abfrage konfigurierbar sein.<\/p>\n<p><b>BRICK FAQ: Bei der Ausf\u00fchrung von BRICK st\u00fcrzt der RDS Dienst ab<\/b><br \/>F\u00fcr die durchgef\u00fchrten \u00dcberpr\u00fcfungen werden ausschlie\u00dflich Data Protector Kommandos genutzt. Das Abst\u00fcrzen w\u00fcrde daher auch beim Ausf\u00fchren des Data Protector Kommandos ohne BRICK vorkommen. Im konkreten Fall konnte das Verhalten an einer nicht aktualisieren 6.20 Zelle nachvollzogen werden, die Installation der aktuellen patches hatte das Problem behoben.<\/p>\n","protected":false},"excerpt":{"rendered":"<p>BRICK FAQ: Das Skript verursacht eine &#8222;Out of memory&#8220; Meldung Das Skript kann eine &#8222;Out of memory&#8220; Meldung verursachen und bricht damit ab. Dies kann bei der Datei debug.log und bei einer Gr\u00f6\u00dfe von mindestens 1 GB passieren. In diesem Fall sollte die Datei &#8222;rotiert&#8220; werden. BRICK FAQ: Das Skript kann auf RedHat nicht gestartet [&hellip;]<\/p>\n","protected":false},"author":1,"featured_media":0,"parent":0,"menu_order":0,"comment_status":"open","ping_status":"open","template":"","meta":{"_mi_skip_tracking":false,"spay_email":""},"translation":{"provider":"WPGlobus","version":"2.8.8","language":"de","enabled_languages":["en","de"],"languages":{"en":{"title":true,"content":true,"excerpt":false},"de":{"title":false,"content":true,"excerpt":false}}},"jetpack_shortlink":"https:\/\/wp.me\/P28cjj-pF","jetpack_sharing_enabled":true,"jetpack-related-posts":[{"id":984,"url":"https:\/\/www.data-protector.org\/wordpress\/de\/brick\/","url_meta":{"origin":1591,"position":0},"title":"BRICK","date":"10. Juni 2015","format":false,"excerpt":"{:de}BRICK - Backup Related Information Collector and Keeper - neue Version 2.0 Was ist BRICK? Ein Tool f\u00fcr HP Data Protector, welches dazu verwendet wird die Data Protector Umgebung zu dokumentieren, bei der Fehleranalyse unterst\u00fctzt, alle relevanten Informationen der Umgebung geb\u00fcndelt zusammenstellt, sowie beim \u00d6ffnen von Support Cases unterst\u00fctzt. BRICK\u2026","rel":"","context":"Mit 119 Kommentaren","img":{"alt_text":"","src":"","width":0,"height":0},"classes":[]},{"id":1129,"url":"https:\/\/www.data-protector.org\/wordpress\/de\/downloads\/","url_meta":{"origin":1591,"position":1},"title":"Downloads","date":"13. Mai 2016","format":false,"excerpt":"{:en}Please find below all available downloads from this blog. BRICK \u2013 Backup Related Information Collector and Keeper - Version 2.0 https:\/\/www.data-protector.org\/wordpress\/?s=BRICK EADR for Cell Server - DP 9.06 on Windows 2012 R2 https:\/\/www.data-protector.org\/wordpress\/2016\/05\/prepare-and-execute-eadr-cell-server-on-windows-2012-r2-data-protector-9-06\/ Data Protector Best Practice Guide https:\/\/www.data-protector.org\/wordpress\/?s=best+practice+guide BRICK \u2013 Backup Related Information Collector and Keeper - Version 1.20\u2026","rel":"","context":"Mit 3 Kommentaren","img":{"alt_text":"","src":"","width":0,"height":0},"classes":[]},{"id":1564,"url":"https:\/\/www.data-protector.org\/wordpress\/de\/videotutorials\/","url_meta":{"origin":1591,"position":2},"title":"Video Tutorials","date":"17. August 2014","format":false,"excerpt":"{:en}Within the category video tutorials, some videos regarding HP Data Protector are published. There will be additional videos added from time to time, describing features in HP Data Protector and related products. For any feedback or to request a tutorial, please use the contact form below. The videos will be\u2026","rel":"","context":"Mit 12 Kommentaren","img":{"alt_text":"","src":"","width":0,"height":0},"classes":[]},{"id":4248,"url":"https:\/\/www.data-protector.org\/wordpress\/de\/about\/team\/","url_meta":{"origin":1591,"position":3},"title":"Team","date":"27. Juni 2018","format":false,"excerpt":"In memoriam Daniel Braun\u00a0 \u00a0\ud83d\udd46 15.02.2017 Founder, inventor, creator, mastermind, and much more of data-protector.org. He might be gone but he shall not be forgotten by honoring his legacy here on this site. Administrator: Stephan Voss Contact: Stephan@data-protector.org Current owner of data-protector.org with a passion for perfection. Data Protector experience\u2026","rel":"","context":"\u00c4hnlicher Beitrag","img":{"alt_text":"","src":"","width":0,"height":0},"classes":[]},{"id":52,"url":"https:\/\/www.data-protector.org\/wordpress\/de\/whitepaper\/","url_meta":{"origin":1591,"position":4},"title":"Whitepaper","date":"4. April 2016","format":false,"excerpt":"{:en} With friendly permission of HPE withhin this article known Data Protector whitepapers are listed. Older versions (pre DP 7) were removed. For some whitepaper a Passport Account may required. Data Protector 9.xx Whitepaper: Integrating data protection for VMware Infrastructure Cloud Service Automation and Data Protector Data Protector 7.0 Whitepaper:\u2026","rel":"","context":"Mit 2 Kommentaren","img":{"alt_text":"","src":"","width":0,"height":0},"classes":[]},{"id":4239,"url":"https:\/\/www.data-protector.org\/wordpress\/de\/data-protector-links\/","url_meta":{"origin":1591,"position":5},"title":"Data Protector links","date":"19. Juni 2018","format":false,"excerpt":"{:en}Following you can find the most frequently searched URL's, we try to keep this as up to date as possible. Disclaimer: The preceding links refer to external websites of third parties on whose contents we have no influence. Therefore, we can not assume any liability for these external contents. The\u2026","rel":"","context":"\u00c4hnlicher Beitrag","img":{"alt_text":"","src":"","width":0,"height":0},"classes":[]}],"_links":{"self":[{"href":"https:\/\/www.data-protector.org\/wordpress\/de\/wp-json\/wp\/v2\/pages\/1591"}],"collection":[{"href":"https:\/\/www.data-protector.org\/wordpress\/de\/wp-json\/wp\/v2\/pages"}],"about":[{"href":"https:\/\/www.data-protector.org\/wordpress\/de\/wp-json\/wp\/v2\/types\/page"}],"author":[{"embeddable":true,"href":"https:\/\/www.data-protector.org\/wordpress\/de\/wp-json\/wp\/v2\/users\/1"}],"replies":[{"embeddable":true,"href":"https:\/\/www.data-protector.org\/wordpress\/de\/wp-json\/wp\/v2\/comments?post=1591"}],"version-history":[{"count":12,"href":"https:\/\/www.data-protector.org\/wordpress\/de\/wp-json\/wp\/v2\/pages\/1591\/revisions"}],"predecessor-version":[{"id":3422,"href":"https:\/\/www.data-protector.org\/wordpress\/de\/wp-json\/wp\/v2\/pages\/1591\/revisions\/3422"}],"wp:attachment":[{"href":"https:\/\/www.data-protector.org\/wordpress\/de\/wp-json\/wp\/v2\/media?parent=1591"}],"curies":[{"name":"wp","href":"https:\/\/api.w.org\/{rel}","templated":true}]}}