{"id":4239,"date":"2018-06-19T07:29:23","date_gmt":"2018-06-19T06:29:23","guid":{"rendered":"https:\/\/www.data-protector.org\/wordpress\/?page_id=4239"},"modified":"2018-06-19T07:38:02","modified_gmt":"2018-06-19T06:38:02","slug":"data-protector-links","status":"publish","type":"page","link":"https:\/\/www.data-protector.org\/wordpress\/de\/data-protector-links\/","title":{"rendered":"Data Protector links"},"content":{"rendered":"<p>Im Folgenden finden Sie die am h\u00e4ufigsten gesuchten URLs, wir versuchen diese so aktuell wie m\u00f6glich zu halten.<\/p>\n\n<table id=\"tablepress-5\" class=\"tablepress tablepress-id-5\">\n<thead>\n<tr class=\"row-1 odd\">\n\t<th class=\"column-1\">Description<\/th><th class=\"column-2\">Link<\/th>\n<\/tr>\n<\/thead>\n<tbody class=\"row-hover\">\n<tr class=\"row-2 even\">\n\t<td class=\"column-1\">General product information<\/td><td class=\"column-2\"><a href=\"https:\/\/software.microfocus.com\/en-us\/products\/data-protector-backup-recovery-software\/overview\" rel=\"noopener\" target=\"_blank\">https:\/\/software.microfocus.com\/en-us\/products\/data-protector-backup-recovery-software\/overview<\/a><\/td>\n<\/tr>\n<tr class=\"row-3 odd\">\n\t<td class=\"column-1\">Free 90 Day trial download<\/td><td class=\"column-2\"><a href=\"https:\/\/software.microfocus.com\/en-us\/signup\/try\/data-protector\" rel=\"noopener\" target=\"_blank\">https:\/\/software.microfocus.com\/en-us\/signup\/try\/data-protector<\/a><\/td>\n<\/tr>\n<tr class=\"row-4 even\">\n\t<td class=\"column-1\">Support matrices A.10.20 (2018.11)<\/td><td class=\"column-2\"><a href=\"https:\/\/docs.microfocus.com\/itom\/Data_Protector:2018.11\/Install\/system_requirements\" rel=\"noopener\" target=\"_blank\">https:\/\/docs.microfocus.com\/itom\/Data_Protector:2018.11\/Install\/system_requirements<\/a><\/td>\n<\/tr>\n<tr class=\"row-5 odd\">\n\t<td class=\"column-1\">Support matrices A.10.10 (2018.09)<\/td><td class=\"column-2\"><a href=\"https:\/\/docs.microfocus.com\/itom\/Data_Protector:2018.09\/Install\/system_requirements\" rel=\"noopener\" target=\"_blank\">https:\/\/docs.microfocus.com\/itom\/Data_Protector:2018.09\/Install\/system_requirements<\/a><\/td>\n<\/tr>\n<tr class=\"row-6 even\">\n\t<td class=\"column-1\">Support matrices A.10.04<\/td><td class=\"column-2\"><a href=\"https:\/\/docs.microfocus.com\/itom\/Data_Protector:10.04\/Install\/system_requirements\" rel=\"noopener\" target=\"_blank\">https:\/\/docs.microfocus.com\/itom\/Data_Protector:10.04\/Install\/system_requirements<\/a><\/td>\n<\/tr>\n<tr class=\"row-7 odd\">\n\t<td class=\"column-1\">Support matrices A.10.03<\/td><td class=\"column-2\"><a href=\"https:\/\/docs.microfocus.com\/itom\/Data_Protector:10.03\/Install\/system_requirements\" rel=\"noopener\" target=\"_blank\">https:\/\/docs.microfocus.com\/itom\/Data_Protector:10.03\/Install\/system_requirements<\/a><\/td>\n<\/tr>\n<tr class=\"row-8 even\">\n\t<td class=\"column-1\">Support matrices up to A.10.00<\/td><td class=\"column-2\"><a href=\"https:\/\/softwaresupport.softwaregrp.com\/group\/softwaresupport\/support-matrices\" rel=\"noopener\" target=\"_blank\">https:\/\/softwaresupport.softwaregrp.com\/group\/softwaresupport\/support-matrices<\/a><\/td>\n<\/tr>\n<tr class=\"row-9 odd\">\n\t<td class=\"column-1\">Obsolescence &amp; Migrations <\/td><td class=\"column-2\"><a href=\"https:\/\/softwaresupport.softwaregrp.com\/obsolescence-migrations\" rel=\"noopener\" target=\"_blank\">https:\/\/softwaresupport.softwaregrp.com\/obsolescence-migrations<\/a><\/td>\n<\/tr>\n<tr class=\"row-10 even\">\n\t<td class=\"column-1\">Media Kit and license management<\/td><td class=\"column-2\"><a href=\"https:\/\/entitlement.microfocus.com\/mysoftware\/index\" rel=\"noopener\" target=\"_blank\">https:\/\/entitlement.microfocus.com\/mysoftware\/index<\/a><\/td>\n<\/tr>\n<tr class=\"row-11 odd\">\n\t<td class=\"column-1\">Data Protection Community (forums)<\/td><td class=\"column-2\"><a href=\"https:\/\/community.softwaregrp.com\/t5\/Data-Protection\/ct-p\/BandR\" rel=\"noopener\" target=\"_blank\">https:\/\/community.softwaregrp.com\/t5\/Data-Protection\/ct-p\/BandR<\/a><\/td>\n<\/tr>\n<tr class=\"row-12 even\">\n\t<td class=\"column-1\">Open Support Case<\/td><td class=\"column-2\"><a href=\"https:\/\/softwaresupport.softwaregrp.com\/group\/softwaresupport\/case-manager\" rel=\"noopener\" target=\"_blank\">https:\/\/softwaresupport.softwaregrp.com\/group\/softwaresupport\/case-manager<\/a><\/td>\n<\/tr>\n<tr class=\"row-13 odd\">\n\t<td class=\"column-1\">Submit Enhancement Request<\/td><td class=\"column-2\"><a href=\"https:\/\/community.softwaregrp.com\/t5\/Data-Protection-Idea-Exchange\/idb-p\/DP_Ideas\" rel=\"noopener\" target=\"_blank\">https:\/\/community.softwaregrp.com\/t5\/Data-Protection-Idea-Exchange\/idb-p\/DP_Ideas<\/a><\/td>\n<\/tr>\n<\/tbody>\n<\/table>\n<!-- #tablepress-5 from cache -->\n<h6><em>Haftungsausschluss:<br \/>\nDie vorgehenden Links verweisen zu externen Websites Dritter, auf deren Inhalte wir keinen Einfluss haben. Deshalb k\u00f6nnen wir f\u00fcr diese fremden Inhalte auch keine Gew\u00e4hr \u00fcbernehmen. F\u00fcr die Inhalte der verlinkten Seiten ist stets der jeweilige Anbieter oder Betreiber der Seiten verantwortlich. Die verlinkten Seiten wurden zum Zeitpunkt der Verlinkung auf m\u00f6gliche Rechtsverst\u00f6\u00dfe \u00fcberpr\u00fcft. Rechtswidrige Inhalte waren zum Zeitpunkt der Verlinkung nicht erkennbar.<\/em><\/h6>\n<h6><em>Eine permanente inhaltliche Kontrolle der verlinkten Seiten ist jedoch ohne konkrete Anhaltspunkte einer Rechtsverletzung nicht zumutbar. Bei Bekanntwerden von Rechtsverletzungen werden wir derartige Links umgehend entfernen.<\/em><\/h6>\n","protected":false},"excerpt":{"rendered":"<p>Im Folgenden finden Sie die am h\u00e4ufigsten gesuchten URLs, wir versuchen diese so aktuell wie m\u00f6glich zu halten. Haftungsausschluss: Die vorgehenden Links verweisen zu externen Websites Dritter, auf deren Inhalte wir keinen Einfluss haben. Deshalb k\u00f6nnen wir f\u00fcr diese fremden Inhalte auch keine Gew\u00e4hr \u00fcbernehmen. F\u00fcr die Inhalte der verlinkten Seiten ist stets der jeweilige [&hellip;]<\/p>\n","protected":false},"author":3,"featured_media":0,"parent":0,"menu_order":0,"comment_status":"closed","ping_status":"closed","template":"","meta":{"_mi_skip_tracking":false,"spay_email":""},"translation":{"provider":"WPGlobus","version":"2.8.8","language":"de","enabled_languages":["en","de"],"languages":{"en":{"title":true,"content":true,"excerpt":false},"de":{"title":false,"content":true,"excerpt":false}}},"jetpack_shortlink":"https:\/\/wp.me\/P28cjj-16n","jetpack_sharing_enabled":false,"jetpack-related-posts":[{"id":65,"url":"https:\/\/www.data-protector.org\/wordpress\/de\/about\/imprint\/","url_meta":{"origin":4239,"position":0},"title":"Impressum","date":"28. Juni 2010","format":false,"excerpt":"{:en}Disclaimer: Private Website to honor the legacy of Daniel Braun Responsible for content according to \u00a7 55 Abs. 2 RStV: Stephan Voss or the named content writer of the posting. Despite careful control we assume no liability for the content of external links. The operators are exclusively responsible for the\u2026","rel":"","context":"\u00c4hnlicher Beitrag","img":{"alt_text":"","src":"","width":0,"height":0},"classes":[]},{"id":3292,"url":"https:\/\/www.data-protector.org\/wordpress\/de\/webinars\/","url_meta":{"origin":4239,"position":1},"title":"Webinare","date":"9. Januar 2017","format":false,"excerpt":"{:en}In the following list is an overview of the currently available webinars, unfortunately the content is in German only. {:}{:de}In der nachstehenden Liste befindet sich eine \u00dcbersicht der verf\u00fcgbaren Webinare. Nat\u00fcrlich ist auch der \"Data Protector zum Wochenstart\" dabei. {:}","rel":"","context":"\u00c4hnlicher Beitrag","img":{"alt_text":"","src":"","width":0,"height":0},"classes":[]},{"id":4248,"url":"https:\/\/www.data-protector.org\/wordpress\/de\/about\/team\/","url_meta":{"origin":4239,"position":2},"title":"Team","date":"27. Juni 2018","format":false,"excerpt":"In memoriam Daniel Braun\u00a0 \u00a0\ud83d\udd46 15.02.2017 Founder, inventor, creator, mastermind, and much more of data-protector.org. He might be gone but he shall not be forgotten by honoring his legacy here on this site. Administrator: Stephan Voss Contact: Stephan@data-protector.org Current owner of data-protector.org with a passion for perfection. Data Protector experience\u2026","rel":"","context":"\u00c4hnlicher Beitrag","img":{"alt_text":"","src":"","width":0,"height":0},"classes":[]}],"_links":{"self":[{"href":"https:\/\/www.data-protector.org\/wordpress\/de\/wp-json\/wp\/v2\/pages\/4239"}],"collection":[{"href":"https:\/\/www.data-protector.org\/wordpress\/de\/wp-json\/wp\/v2\/pages"}],"about":[{"href":"https:\/\/www.data-protector.org\/wordpress\/de\/wp-json\/wp\/v2\/types\/page"}],"author":[{"embeddable":true,"href":"https:\/\/www.data-protector.org\/wordpress\/de\/wp-json\/wp\/v2\/users\/3"}],"replies":[{"embeddable":true,"href":"https:\/\/www.data-protector.org\/wordpress\/de\/wp-json\/wp\/v2\/comments?post=4239"}],"version-history":[{"count":3,"href":"https:\/\/www.data-protector.org\/wordpress\/de\/wp-json\/wp\/v2\/pages\/4239\/revisions"}],"predecessor-version":[{"id":4241,"href":"https:\/\/www.data-protector.org\/wordpress\/de\/wp-json\/wp\/v2\/pages\/4239\/revisions\/4241"}],"wp:attachment":[{"href":"https:\/\/www.data-protector.org\/wordpress\/de\/wp-json\/wp\/v2\/media?parent=4239"}],"curies":[{"name":"wp","href":"https:\/\/api.w.org\/{rel}","templated":true}]}}