{"id":52,"date":"2016-04-04T06:00:23","date_gmt":"2016-04-04T05:00:23","guid":{"rendered":"http:\/\/www.data-protector.org\/wordpress\/"},"modified":"2016-04-04T06:41:17","modified_gmt":"2016-04-04T05:41:17","slug":"whitepaper","status":"publish","type":"page","link":"https:\/\/www.data-protector.org\/wordpress\/de\/whitepaper\/","title":{"rendered":"Whitepaper"},"content":{"rendered":"<p>Mit freundlicher Genehmigung von HPE sind auf dieser Seite bekannte Whitepaper f\u00fcr Data Protector aufgelistet. \u00c4ltere Whitepaper (Pre DP 7) wurden entfernt. F\u00fcr einige Whitepaper ist unter Umst\u00e4nden ein Passport Account notwendig.<\/p>\n<ul>\n<li>Data Protector 9.xx Whitepaper:\n<ul>\n<li><a href=\"https:\/\/ssl.www8.hp.com\/ww\/en\/secure\/pdf\/4aa2-7686enw.pdf\" target=\"wp1\">Integrating data protection for VMware Infrastructure<\/a><\/li>\n<li><a href=\"https:\/\/www.data-protector.org\/wordpress\/wp-content\/uploads\/2016\/04\/2015-08-Cloud-Service-Automation-and-Data-Protector-4AA5-0561ENW.pdf\" target=\"wp2\">Cloud Service Automation and Data Protector<\/a><\/li>\n<\/ul>\n<\/li>\n<\/ul>\n<ul>\n<li>Data Protector 7.0 Whitepaper:\n<ul>\n<li><a href=\"http:\/\/support.openview.hp.com\/selfsolve\/document\/KM1363270\/binary\/DP7.00_Integ_AutonomyIDOL_wp.pdf?searchIdentifier=-1196d5ff%3a136d0726428%3a-1ec4&#038;resultType=document\">HP Data Protector Integration with Autonomy IDOL Server DP7.00_Integ_AutonomyIDOL_wp<\/a> (HP Passport Account &#8211; Partner Central required)<\/li>\n<li><a href=\"http:\/\/support.openview.hp.com\/selfsolve\/document\/KM1363271\/binary\/DP7.00_Integ_AutonomyLiveVault_wp.pdf?searchIdentifier=-1196d5ff%3a136d0726428%3a-1ec4&#038;resultType=document\">HP Data Protector Integration with Autonomy LiveVault DP7.00_Integ_AutonomyLiveVault_wp<\/a> (HP Passport Account &#8211; Partner Central required)<\/li>\n<li><a href=\"http:\/\/support.openview.hp.com\/selfsolve\/document\/KM1363269\/binary\/DP7.00_StoreOnce_Deduplication_wp.pdf?searchIdentifier=-1196d5ff%3a136d0726428%3a-1ec4&#038;resultType=document\">HP Data Protector 7.00 Deduplication DP7.00_StoreOnce_Deduplication_wp.pdf<\/a> (HP Passport Account &#8211; Partner Central required)<\/li>\n<\/ul>\n<\/li>\n<\/ul>\n","protected":false},"excerpt":{"rendered":"<p>Mit freundlicher Genehmigung von HPE sind auf dieser Seite bekannte Whitepaper f\u00fcr Data Protector aufgelistet. \u00c4ltere Whitepaper (Pre DP 7) wurden entfernt. F\u00fcr einige Whitepaper ist unter Umst\u00e4nden ein Passport Account notwendig. Data Protector 9.xx Whitepaper: Integrating data protection for VMware Infrastructure Cloud Service Automation and Data Protector Data Protector 7.0 Whitepaper: HP Data Protector [&hellip;]<\/p>\n","protected":false},"author":1,"featured_media":0,"parent":0,"menu_order":0,"comment_status":"closed","ping_status":"open","template":"","meta":{"_mi_skip_tracking":false,"spay_email":""},"translation":{"provider":"WPGlobus","version":"2.8.8","language":"de","enabled_languages":["en","de"],"languages":{"en":{"title":true,"content":true,"excerpt":false},"de":{"title":false,"content":true,"excerpt":false}}},"jetpack_shortlink":"https:\/\/wp.me\/P28cjj-Q","jetpack_sharing_enabled":true,"jetpack-related-posts":[{"id":1129,"url":"https:\/\/www.data-protector.org\/wordpress\/de\/downloads\/","url_meta":{"origin":52,"position":0},"title":"Downloads","date":"13. Mai 2016","format":false,"excerpt":"{:en}Please find below all available downloads from this blog. BRICK \u2013 Backup Related Information Collector and Keeper - Version 2.0 https:\/\/www.data-protector.org\/wordpress\/?s=BRICK EADR for Cell Server - DP 9.06 on Windows 2012 R2 https:\/\/www.data-protector.org\/wordpress\/2016\/05\/prepare-and-execute-eadr-cell-server-on-windows-2012-r2-data-protector-9-06\/ Data Protector Best Practice Guide https:\/\/www.data-protector.org\/wordpress\/?s=best+practice+guide BRICK \u2013 Backup Related Information Collector and Keeper - Version 1.20\u2026","rel":"","context":"Mit 3 Kommentaren","img":{"alt_text":"","src":"","width":0,"height":0},"classes":[]},{"id":4248,"url":"https:\/\/www.data-protector.org\/wordpress\/de\/about\/team\/","url_meta":{"origin":52,"position":1},"title":"Team","date":"27. Juni 2018","format":false,"excerpt":"In memoriam Daniel Braun\u00a0 \u00a0\ud83d\udd46 15.02.2017 Founder, inventor, creator, mastermind, and much more of data-protector.org. He might be gone but he shall not be forgotten by honoring his legacy here on this site. Administrator: Stephan Voss Contact: Stephan@data-protector.org Current owner of data-protector.org with a passion for perfection. Data Protector experience\u2026","rel":"","context":"\u00c4hnlicher Beitrag","img":{"alt_text":"","src":"","width":0,"height":0},"classes":[]},{"id":1564,"url":"https:\/\/www.data-protector.org\/wordpress\/de\/videotutorials\/","url_meta":{"origin":52,"position":2},"title":"Video Tutorials","date":"17. August 2014","format":false,"excerpt":"{:en}Within the category video tutorials, some videos regarding HP Data Protector are published. There will be additional videos added from time to time, describing features in HP Data Protector and related products. For any feedback or to request a tutorial, please use the contact form below. The videos will be\u2026","rel":"","context":"Mit 12 Kommentaren","img":{"alt_text":"","src":"","width":0,"height":0},"classes":[]},{"id":984,"url":"https:\/\/www.data-protector.org\/wordpress\/de\/brick\/","url_meta":{"origin":52,"position":3},"title":"BRICK","date":"10. Juni 2015","format":false,"excerpt":"{:de}BRICK - Backup Related Information Collector and Keeper - neue Version 2.0 Was ist BRICK? Ein Tool f\u00fcr HP Data Protector, welches dazu verwendet wird die Data Protector Umgebung zu dokumentieren, bei der Fehleranalyse unterst\u00fctzt, alle relevanten Informationen der Umgebung geb\u00fcndelt zusammenstellt, sowie beim \u00d6ffnen von Support Cases unterst\u00fctzt. BRICK\u2026","rel":"","context":"Mit 119 Kommentaren","img":{"alt_text":"","src":"","width":0,"height":0},"classes":[]},{"id":4239,"url":"https:\/\/www.data-protector.org\/wordpress\/de\/data-protector-links\/","url_meta":{"origin":52,"position":4},"title":"Data Protector links","date":"19. Juni 2018","format":false,"excerpt":"{:en}Following you can find the most frequently searched URL's, we try to keep this as up to date as possible. Disclaimer: The preceding links refer to external websites of third parties on whose contents we have no influence. Therefore, we can not assume any liability for these external contents. The\u2026","rel":"","context":"\u00c4hnlicher Beitrag","img":{"alt_text":"","src":"","width":0,"height":0},"classes":[]},{"id":3292,"url":"https:\/\/www.data-protector.org\/wordpress\/de\/webinars\/","url_meta":{"origin":52,"position":5},"title":"Webinare","date":"9. Januar 2017","format":false,"excerpt":"{:en}In the following list is an overview of the currently available webinars, unfortunately the content is in German only. {:}{:de}In der nachstehenden Liste befindet sich eine \u00dcbersicht der verf\u00fcgbaren Webinare. Nat\u00fcrlich ist auch der \"Data Protector zum Wochenstart\" dabei. {:}","rel":"","context":"\u00c4hnlicher Beitrag","img":{"alt_text":"","src":"","width":0,"height":0},"classes":[]}],"_links":{"self":[{"href":"https:\/\/www.data-protector.org\/wordpress\/de\/wp-json\/wp\/v2\/pages\/52"}],"collection":[{"href":"https:\/\/www.data-protector.org\/wordpress\/de\/wp-json\/wp\/v2\/pages"}],"about":[{"href":"https:\/\/www.data-protector.org\/wordpress\/de\/wp-json\/wp\/v2\/types\/page"}],"author":[{"embeddable":true,"href":"https:\/\/www.data-protector.org\/wordpress\/de\/wp-json\/wp\/v2\/users\/1"}],"replies":[{"embeddable":true,"href":"https:\/\/www.data-protector.org\/wordpress\/de\/wp-json\/wp\/v2\/comments?post=52"}],"version-history":[{"count":36,"href":"https:\/\/www.data-protector.org\/wordpress\/de\/wp-json\/wp\/v2\/pages\/52\/revisions"}],"predecessor-version":[{"id":3424,"href":"https:\/\/www.data-protector.org\/wordpress\/de\/wp-json\/wp\/v2\/pages\/52\/revisions\/3424"}],"wp:attachment":[{"href":"https:\/\/www.data-protector.org\/wordpress\/de\/wp-json\/wp\/v2\/media?parent=52"}],"curies":[{"name":"wp","href":"https:\/\/api.w.org\/{rel}","templated":true}]}}