{"id":65,"date":"2010-06-28T15:55:27","date_gmt":"2010-06-28T14:55:27","guid":{"rendered":"http:\/\/www.data-protector.org\/wordpress\/"},"modified":"2018-06-27T12:46:32","modified_gmt":"2018-06-27T11:46:32","slug":"imprint","status":"publish","type":"page","link":"https:\/\/www.data-protector.org\/wordpress\/de\/about\/imprint\/","title":{"rendered":"Impressum"},"content":{"rendered":"<p>Laut \u00a75 TMG ist die Angabe des Impressums auf rein privaten Webseiten nicht notwendig.<\/p>\n<p>Da ich aber nicht ausschliessen kann, dass ich hier Dienste zur Verf\u00fcgung stelle, die sonst bzw. auch gegen Entgelt angeboten werden, folgt nachfolgend doch ein Disclaimer.<\/p>\n<p>Privates Projekt in Gedenken an Daniel Braun<\/p>\n<p>Inhaltlich Verantwortlicher gem\u00e4\u00df \u00a7 55 Abs. 2 RStV: Stephan Voss bzw. der Redakteur des entsprechend Postings<\/p>\n<p>Haftungshinweis: Trotz sorgf\u00e4ltiger inhaltlicher Kontrolle \u00fcbernehmen wir keine Haftung f\u00fcr die Inhalte externer Links. F\u00fcr den Inhalt der verlinkten Seiten sind ausschlie\u00dflich deren Betreiber verantwortlich.<\/p>\n","protected":false},"excerpt":{"rendered":"<p>Laut \u00a75 TMG ist die Angabe des Impressums auf rein privaten Webseiten nicht notwendig. Da ich aber nicht ausschliessen kann, dass ich hier Dienste zur Verf\u00fcgung stelle, die sonst bzw. auch gegen Entgelt angeboten werden, folgt nachfolgend doch ein Disclaimer. Privates Projekt in Gedenken an Daniel Braun Inhaltlich Verantwortlicher gem\u00e4\u00df \u00a7 55 Abs. 2 RStV: [&hellip;]<\/p>\n","protected":false},"author":3,"featured_media":0,"parent":4254,"menu_order":2,"comment_status":"closed","ping_status":"closed","template":"","meta":{"_mi_skip_tracking":false,"spay_email":""},"translation":{"provider":"WPGlobus","version":"2.8.8","language":"de","enabled_languages":["en","de"],"languages":{"en":{"title":true,"content":true,"excerpt":false},"de":{"title":true,"content":true,"excerpt":false}}},"jetpack_shortlink":"https:\/\/wp.me\/P28cjj-13","jetpack_sharing_enabled":true,"jetpack-related-posts":[{"id":4239,"url":"https:\/\/www.data-protector.org\/wordpress\/de\/data-protector-links\/","url_meta":{"origin":65,"position":0},"title":"Data Protector links","date":"19. Juni 2018","format":false,"excerpt":"{:en}Following you can find the most frequently searched URL's, we try to keep this as up to date as possible. Disclaimer: The preceding links refer to external websites of third parties on whose contents we have no influence. Therefore, we can not assume any liability for these external contents. The\u2026","rel":"","context":"\u00c4hnlicher Beitrag","img":{"alt_text":"","src":"","width":0,"height":0},"classes":[]},{"id":4248,"url":"https:\/\/www.data-protector.org\/wordpress\/de\/about\/team\/","url_meta":{"origin":65,"position":1},"title":"Team","date":"27. Juni 2018","format":false,"excerpt":"In memoriam Daniel Braun\u00a0 \u00a0\ud83d\udd46 15.02.2017 Founder, inventor, creator, mastermind, and much more of data-protector.org. He might be gone but he shall not be forgotten by honoring his legacy here on this site. Administrator: Stephan Voss Contact: Stephan@data-protector.org Current owner of data-protector.org with a passion for perfection. Data Protector experience\u2026","rel":"","context":"\u00c4hnlicher Beitrag","img":{"alt_text":"","src":"","width":0,"height":0},"classes":[]},{"id":984,"url":"https:\/\/www.data-protector.org\/wordpress\/de\/brick\/","url_meta":{"origin":65,"position":2},"title":"BRICK","date":"10. Juni 2015","format":false,"excerpt":"{:de}BRICK - Backup Related Information Collector and Keeper - neue Version 2.0 Was ist BRICK? Ein Tool f\u00fcr HP Data Protector, welches dazu verwendet wird die Data Protector Umgebung zu dokumentieren, bei der Fehleranalyse unterst\u00fctzt, alle relevanten Informationen der Umgebung geb\u00fcndelt zusammenstellt, sowie beim \u00d6ffnen von Support Cases unterst\u00fctzt. BRICK\u2026","rel":"","context":"Mit 119 Kommentaren","img":{"alt_text":"","src":"","width":0,"height":0},"classes":[]},{"id":1591,"url":"https:\/\/www.data-protector.org\/wordpress\/de\/faq\/","url_meta":{"origin":65,"position":3},"title":"FAQ","date":"29. April 2013","format":false,"excerpt":"{:en} BRICK FAQ: The script displays \"Out of memory\" The script might display a message \"Out of memory\" and dies. This can happen when the filesize of the debug.log is too big (at least 1 GB). In this case try to cycle the debug.log. BRICK FAQ: The script cannot be\u2026","rel":"","context":"Mit 36 Kommentaren","img":{"alt_text":"","src":"","width":0,"height":0},"classes":[]},{"id":3292,"url":"https:\/\/www.data-protector.org\/wordpress\/de\/webinars\/","url_meta":{"origin":65,"position":4},"title":"Webinare","date":"9. Januar 2017","format":false,"excerpt":"{:en}In the following list is an overview of the currently available webinars, unfortunately the content is in German only. {:}{:de}In der nachstehenden Liste befindet sich eine \u00dcbersicht der verf\u00fcgbaren Webinare. Nat\u00fcrlich ist auch der \"Data Protector zum Wochenstart\" dabei. {:}","rel":"","context":"\u00c4hnlicher Beitrag","img":{"alt_text":"","src":"","width":0,"height":0},"classes":[]},{"id":1129,"url":"https:\/\/www.data-protector.org\/wordpress\/de\/downloads\/","url_meta":{"origin":65,"position":5},"title":"Downloads","date":"13. Mai 2016","format":false,"excerpt":"{:en}Please find below all available downloads from this blog. BRICK \u2013 Backup Related Information Collector and Keeper - Version 2.0 https:\/\/www.data-protector.org\/wordpress\/?s=BRICK EADR for Cell Server - DP 9.06 on Windows 2012 R2 https:\/\/www.data-protector.org\/wordpress\/2016\/05\/prepare-and-execute-eadr-cell-server-on-windows-2012-r2-data-protector-9-06\/ Data Protector Best Practice Guide https:\/\/www.data-protector.org\/wordpress\/?s=best+practice+guide BRICK \u2013 Backup Related Information Collector and Keeper - Version 1.20\u2026","rel":"","context":"Mit 3 Kommentaren","img":{"alt_text":"","src":"","width":0,"height":0},"classes":[]}],"_links":{"self":[{"href":"https:\/\/www.data-protector.org\/wordpress\/de\/wp-json\/wp\/v2\/pages\/65"}],"collection":[{"href":"https:\/\/www.data-protector.org\/wordpress\/de\/wp-json\/wp\/v2\/pages"}],"about":[{"href":"https:\/\/www.data-protector.org\/wordpress\/de\/wp-json\/wp\/v2\/types\/page"}],"author":[{"embeddable":true,"href":"https:\/\/www.data-protector.org\/wordpress\/de\/wp-json\/wp\/v2\/users\/3"}],"replies":[{"embeddable":true,"href":"https:\/\/www.data-protector.org\/wordpress\/de\/wp-json\/wp\/v2\/comments?post=65"}],"version-history":[{"count":12,"href":"https:\/\/www.data-protector.org\/wordpress\/de\/wp-json\/wp\/v2\/pages\/65\/revisions"}],"predecessor-version":[{"id":4261,"href":"https:\/\/www.data-protector.org\/wordpress\/de\/wp-json\/wp\/v2\/pages\/65\/revisions\/4261"}],"up":[{"embeddable":true,"href":"https:\/\/www.data-protector.org\/wordpress\/de\/wp-json\/wp\/v2\/pages\/4254"}],"wp:attachment":[{"href":"https:\/\/www.data-protector.org\/wordpress\/de\/wp-json\/wp\/v2\/media?parent=65"}],"curies":[{"name":"wp","href":"https:\/\/api.w.org\/{rel}","templated":true}]}}