{"id":1129,"date":"2016-05-13T18:00:05","date_gmt":"2016-05-13T17:00:05","guid":{"rendered":"http:\/\/www.data-protector.org\/wordpress\/?page_id=1129"},"modified":"2018-04-11T08:14:37","modified_gmt":"2018-04-11T07:14:37","slug":"downloads","status":"publish","type":"page","link":"https:\/\/www.data-protector.org\/wordpress\/downloads\/","title":{"rendered":"Downloads"},"content":{"rendered":"<p>Please find below all available downloads from this blog.<\/p>\n<p>BRICK \u2013 Backup Related Information Collector and Keeper &#8211; Version 2.0<br \/>\n<a href=\"https:\/\/www.data-protector.org\/wordpress\/?s=BRICK\">https:\/\/www.data-protector.org\/wordpress\/?s=BRICK<\/a><br \/>\n<div class='w3eden'><!-- WPDM Link Template: Default Template with Download Count -->\n\n\n<div class=\"wpdm-link-tpl link-btn [color]\" data-durl=\"https:\/\/www.data-protector.org\/wordpress\/download\/brick-v2-01-windows-linux-hp-ux\/?wpdmdl=2349&refresh=69d08eaaac5b21775275690\" >\n    <div class=\"media\">\n        <div class=\"pull-left\"><img class=\"wpdm_icon\" alt=\"Icon\"   src=\"https:\/\/www.data-protector.org\/wordpress\/wp-content\/plugins\/download-manager\/assets\/file-type-icons\/download_blue.png\" \/><\/div>\n        <div class=\"media-body\"><strong class=\"ptitle\">BRICK v2.01 (Windows \/ Linux \/ HP-UX) <span class=\"label label-default\" style=\"font-weight: 400;\">8587 downloads<\/span>&nbsp;<span class=\"label label-default\" style=\"font-weight: 400;\">25.01 MB<\/span><\/strong>\n            <div><strong><a class='wpdm-download-link download-on-click btn btn-primary ' rel='nofollow' href='#' data-downloadurl=\"https:\/\/www.data-protector.org\/wordpress\/download\/brick-v2-01-windows-linux-hp-ux\/?wpdmdl=2349&refresh=69d08eaaac5b21775275690\">BRICK v2.01 (Windows \/ Linux \/ HP-UX)<\/a><\/strong><\/div>\n        <\/div>\n    <\/div>\n<\/div>\n<div style=\"clear: both\"><\/div>\n<\/div><br \/>\n<div class='w3eden'><!-- WPDM Link Template: Default Template with Download Count -->\n\n\n<div class=\"wpdm-link-tpl link-btn [color]\" data-durl=\"https:\/\/www.data-protector.org\/wordpress\/download\/brick-datasheet-final-v2-0\/?wpdmdl=2335&refresh=69d08eab684161775275691\" >\n    <div class=\"media\">\n        <div class=\"pull-left\"><img class=\"wpdm_icon\" alt=\"Icon\" src=\"https:\/\/www.data-protector.org\/wordpress\/wp-content\/plugins\/download-manager\/assets\/file-type-icons\/pdf.svg\" \/><\/div>\n        <div class=\"media-body\"><strong class=\"ptitle\">BRICK datasheet final v2.0 <span class=\"label label-default\" style=\"font-weight: 400;\">3249 downloads<\/span>&nbsp;<span class=\"label label-default\" style=\"font-weight: 400;\">875.76 KB<\/span><\/strong>\n            <div><strong><a class='wpdm-download-link download-on-click btn btn-primary ' rel='nofollow' href='#' data-downloadurl=\"https:\/\/www.data-protector.org\/wordpress\/download\/brick-datasheet-final-v2-0\/?wpdmdl=2335&refresh=69d08eab684161775275691\">BRICK datasheet final v2.0<\/a><\/strong><\/div>\n        <\/div>\n    <\/div>\n<\/div>\n<div style=\"clear: both\"><\/div>\n<\/div><br \/>\n<div class='w3eden'><!-- WPDM Link Template: Default Template with Download Count -->\n\n\n<div class=\"wpdm-link-tpl link-btn [color]\" data-durl=\"https:\/\/www.data-protector.org\/wordpress\/download\/brick-produktblatt-final-v2-0\/?wpdmdl=2337&refresh=69d08eab6b2551775275691\" >\n    <div class=\"media\">\n        <div class=\"pull-left\"><img class=\"wpdm_icon\" alt=\"Icon\" src=\"https:\/\/www.data-protector.org\/wordpress\/wp-content\/plugins\/download-manager\/assets\/file-type-icons\/pdf.svg\" \/><\/div>\n        <div class=\"media-body\"><strong class=\"ptitle\">BRICK Produktblatt final v2.0 <span class=\"label label-default\" style=\"font-weight: 400;\">1409 downloads<\/span>&nbsp;<span class=\"label label-default\" style=\"font-weight: 400;\">883.46 KB<\/span><\/strong>\n            <div><strong><a class='wpdm-download-link download-on-click btn btn-primary ' rel='nofollow' href='#' data-downloadurl=\"https:\/\/www.data-protector.org\/wordpress\/download\/brick-produktblatt-final-v2-0\/?wpdmdl=2337&refresh=69d08eab6b2551775275691\">BRICK Produktblatt final v2.0<\/a><\/strong><\/div>\n        <\/div>\n    <\/div>\n<\/div>\n<div style=\"clear: both\"><\/div>\n<\/div><\/p>\n<p>EADR for Cell Server &#8211; DP 9.06 on Windows 2012 R2<br \/>\n<a href=\"https:\/\/www.data-protector.org\/wordpress\/2016\/05\/prepare-and-execute-eadr-cell-server-on-windows-2012-r2-data-protector-9-06\/\">https:\/\/www.data-protector.org\/wordpress\/2016\/05\/prepare-and-execute-eadr-cell-server-on-windows-2012-r2-data-protector-9-06\/<\/a><br \/>\n<div class='w3eden'><!-- WPDM Link Template: Default Template with Download Count -->\n\n\n<div class=\"wpdm-link-tpl link-btn [color]\" data-durl=\"https:\/\/www.data-protector.org\/wordpress\/download\/eadr-cellserver-data-protector-9-06-windows-2012-r2\/?wpdmdl=3065&refresh=69d08eab6d9981775275691\" >\n    <div class=\"media\">\n        <div class=\"pull-left\"><img class=\"wpdm_icon\" alt=\"Icon\"   src=\"https:\/\/www.data-protector.org\/wordpress\/wp-content\/plugins\/download-manager\/assets\/file-type-icons\/download_blue.png\" \/><\/div>\n        <div class=\"media-body\"><strong class=\"ptitle\">EADR CellServer (Data Protector 9.06 - Windows 2012 R2) <span class=\"label label-default\" style=\"font-weight: 400;\">13876 downloads<\/span>&nbsp;<span class=\"label label-default\" style=\"font-weight: 400;\">2.42 KB<\/span><\/strong>\n            <div><strong><a class='wpdm-download-link download-on-click btn btn-primary ' rel='nofollow' href='#' data-downloadurl=\"https:\/\/www.data-protector.org\/wordpress\/download\/eadr-cellserver-data-protector-9-06-windows-2012-r2\/?wpdmdl=3065&refresh=69d08eab6d9981775275691\">Download<\/a><\/strong><\/div>\n        <\/div>\n    <\/div>\n<\/div>\n<div style=\"clear: both\"><\/div>\n<\/div><\/p>\n<p>Data Protector Best Practice Guide<br \/>\n<a href=\"https:\/\/www.data-protector.org\/wordpress\/?s=best+practice+guide\">https:\/\/www.data-protector.org\/wordpress\/?s=best+practice+guide<\/a><br \/>\n<div class='w3eden'><!-- WPDM Link Template: Default Template with Download Count -->\n\n\n<div class=\"wpdm-link-tpl link-btn [color]\" data-durl=\"https:\/\/www.data-protector.org\/wordpress\/download\/hp-data-protector-practice-guide-20131002-deutsch\/?wpdmdl=2318&refresh=69d08eab6fa9d1775275691\" >\n    <div class=\"media\">\n        <div class=\"pull-left\"><img class=\"wpdm_icon\" alt=\"Icon\" src=\"https:\/\/www.data-protector.org\/wordpress\/wp-content\/plugins\/download-manager\/assets\/file-type-icons\/pdf.svg\" \/><\/div>\n        <div class=\"media-body\"><strong class=\"ptitle\">HP Data Protector - Best Practice Guide 20131002 Deutsch <span class=\"label label-default\" style=\"font-weight: 400;\">2596 downloads<\/span>&nbsp;<span class=\"label label-default\" style=\"font-weight: 400;\">1.60 MB<\/span><\/strong>\n            <div><strong><a class='wpdm-download-link download-on-click btn btn-primary ' rel='nofollow' href='#' data-downloadurl=\"https:\/\/www.data-protector.org\/wordpress\/download\/hp-data-protector-practice-guide-20131002-deutsch\/?wpdmdl=2318&refresh=69d08eab6fa9d1775275691\">HP Data Protector - Best Practice Guide 20131002 Deutsch<\/a><\/strong><\/div>\n        <\/div>\n    <\/div>\n<\/div>\n<div style=\"clear: both\"><\/div>\n<\/div><br \/>\n<div class='w3eden'><!-- WPDM Link Template: Default Template with Download Count -->\n\n\n<div class=\"wpdm-link-tpl link-btn [color]\" data-durl=\"https:\/\/www.data-protector.org\/wordpress\/download\/hp-data-protector-practice-guide-20150521-english\/?wpdmdl=2320&refresh=69d08eab71a691775275691\" >\n    <div class=\"media\">\n        <div class=\"pull-left\"><img class=\"wpdm_icon\" alt=\"Icon\" src=\"https:\/\/www.data-protector.org\/wordpress\/wp-content\/plugins\/download-manager\/assets\/file-type-icons\/pdf.svg\" \/><\/div>\n        <div class=\"media-body\"><strong class=\"ptitle\">HP Data Protector - Best Practice Guide 20150521 English <span class=\"label label-default\" style=\"font-weight: 400;\">10259 downloads<\/span>&nbsp;<span class=\"label label-default\" style=\"font-weight: 400;\">5.12 MB<\/span><\/strong>\n            <div><strong><a class='wpdm-download-link download-on-click btn btn-primary ' rel='nofollow' href='#' data-downloadurl=\"https:\/\/www.data-protector.org\/wordpress\/download\/hp-data-protector-practice-guide-20150521-english\/?wpdmdl=2320&refresh=69d08eab71a691775275691\">HP Data Protector - Best Practice Guide 20150521 English<\/a><\/strong><\/div>\n        <\/div>\n    <\/div>\n<\/div>\n<div style=\"clear: both\"><\/div>\n<\/div><\/p>\n<p>BRICK \u2013 Backup Related Information Collector and Keeper &#8211; Version 1.20 (Pre 1.10 versions removed)<br \/>\n<a href=\"https:\/\/www.data-protector.org\/wordpress\/?s=BRICK\">https:\/\/www.data-protector.org\/wordpress\/?s=BRICK<\/a><br \/>\n[wpdm_file id=26] [wpdm_file id=20]<br \/>\n[wpdm_file id=24] [wpdm_file id=25] [wpdm_file id=18] [wpdm_file id=19]<\/p>\n<p>OMNILISTFREEDEVS &#8211; lists free devices<br \/>\n<a href=\"www.data-protector.org\/wordpress\/?s=OMNILISTFREEDEVS\">www.data-protector.org\/wordpress\/?s=OMNILISTFREEDEVS<\/a><br \/>\n[wpdm_file id=21]<\/p>\n<p>OMNISPEED v2.00 HP-UX \/ Linux \/ Windows<br \/>\n<a href=\"https:\/\/www.data-protector.org\/wordpress\/2014\/03\/omnispeed-2-0-data-protector-8-xx-hp-ux-linux-windows\/\">https:\/\/www.data-protector.org\/wordpress\/2014\/03\/omnispeed-2-0-data-protector-8-xx-hp-ux-linux-windows\/<\/a><br \/>\n[wpdm_file id=22]<\/p>\n<p>EADR for Cell Server &#8211; DP 8.1X on Windows 2012 R2<br \/>\n<a href=\"https:\/\/www.data-protector.org\/wordpress\/2014\/04\/eadr-cell-server-dp-8-1x-windows-2012-r2\">https:\/\/www.data-protector.org\/wordpress\/2014\/04\/eadr-cell-server-dp-8-1x-windows-2012-r2<\/a><br \/>\n[wpdm_file id=23]<\/p>\n<p>OMNISPEED &#8211; average speed and current speed of running and completed sessions<br \/>\n<a href=\"https:\/\/www.data-protector.org\/wordpress\/?s=OMNISPEED+average+speed+and+current+speed\">https:\/\/www.data-protector.org\/wordpress\/?s=OMNISPEED+average+speed+and+current+speed<\/a><br \/>\n[wpdm_file id=12]<\/p>\n<p>Simple Media Vaulting \/ Off-Site Tape Vaulting<br \/>\n<a href=\"https:\/\/www.data-protector.org\/wordpress\/?s=Simple+Media+Vaulting\">https:\/\/www.data-protector.org\/wordpress\/?s=Simple+Media+Vaulting<\/a><br \/>\n[wpdm_file id=5]<br \/>\n[wpdm_file id=4]<\/p>\n<p>Data Protector 6.2 Scheduler<br \/>\n<a href=\"https:\/\/www.data-protector.org\/wordpress\/?s=Data+Protector+6.2+Scheduler\">https:\/\/www.data-protector.org\/wordpress\/?s=Data+Protector+6.2+Scheduler<\/a><br \/>\n[wpdm_file id=6]<\/p>\n<p>Data Protector Migration Unix to other OS<br \/>\n<a href=\"https:\/\/www.data-protector.org\/wordpress\/?s=Data+Protector+Migration+Unix+to+other+OS\">https:\/\/www.data-protector.org\/wordpress\/?s=Data+Protector+Migration+Unix+to+other+OS<\/a><br \/>\n[wpdm_file id=8]<\/p>\n<p>Recover Cell Server with Enhanced Automated Disaster Recovery<br \/>\n<a href=\"https:\/\/www.data-protector.org\/wordpress\/?s=Recover+Cell+Server+with+Enhanced+Automated+Disaster+Recovery\">https:\/\/www.data-protector.org\/wordpress\/?s=Recover+Cell+Server+with+Enhanced+Automated+Disaster+Recovery<\/a><br \/>\n[wpdm_file id=9]<\/p>\n<p>SaveDevices &#8211; omnidownload<br \/>\n<a href=\"https:\/\/www.data-protector.org\/wordpress\/?s=SaveDevices+-+omnidownload\">https:\/\/www.data-protector.org\/wordpress\/?s=SaveDevices+-+omnidownload<\/a><br \/>\n[wpdm_file id=10]<\/p>\n<p>SaveINSEvent4624 &#8211; Something Completely Different<br \/>\n<a href=\"https:\/\/www.data-protector.org\/wordpress\/?s=SaveINSEvent4624+-+Something+Completely+Different\">https:\/\/www.data-protector.org\/wordpress\/?s=SaveINSEvent4624+-+Something+Completely+Different<\/a><br \/>\n[wpdm_file id=11]<\/p>\n<p>omnircsync.pl<br \/>\n<a href=\"https:\/\/www.data-protector.org\/wordpress\/?s=omnircsync\">https:\/\/www.data-protector.org\/wordpress\/?=somnircsync.pl\u00a0<\/a><br \/>\n<div class='w3eden'><!-- WPDM Link Template: Default Template -->\n\n<div class=\"link-template-default card mb-2\">\n    <div class=\"card-body\">\n        <div class=\"media\">\n            <div class=\"mr-3 img-48\"><img class=\"wpdm_icon\" alt=\"Icon\"   src=\"https:\/\/www.data-protector.org\/wordpress\/wp-content\/plugins\/download-manager\/assets\/file-type-icons\/download_blue.png\" \/><\/div>\n            <div class=\"media-body\">\n                <h3 class=\"package-title\"><a href='https:\/\/www.data-protector.org\/wordpress\/download\/omnircsync-pl\/'>omnircsync.pl<\/a><\/h3>\n                <div class=\"text-muted text-small\"><i class=\"fas fa-copy\"><\/i> 1 file(s) <i class=\"fas fa-hdd ml-3\"><\/i> 4.33 KB<\/div>\n            <\/div>\n            <div class=\"ml-3\">\n                <a class='wpdm-download-link download-on-click btn btn-primary ' rel='nofollow' href='#' data-downloadurl=\"https:\/\/www.data-protector.org\/wordpress\/download\/omnircsync-pl\/?wpdmdl=3079&refresh=69d08eab73cec1775275691\">omnircsync.pl<\/a>\n            <\/div>\n        <\/div>\n    <\/div>\n<\/div>\n\n<\/div><\/p>\n<p>&nbsp;<\/p>\n<p>Please note: the count of downloads is based on analysis since June 2012.<\/p>\n","protected":false},"excerpt":{"rendered":"<p>Please find below all available downloads from this blog. BRICK \u2013 Backup Related Information Collector and Keeper &#8211; Version 2.0 https:\/\/www.data-protector.org\/wordpress\/?s=BRICK EADR for Cell Server &#8211; DP 9.06 on Windows 2012 R2 https:\/\/www.data-protector.org\/wordpress\/2016\/05\/prepare-and-execute-eadr-cell-server-on-windows-2012-r2-data-protector-9-06\/ Data Protector Best Practice Guide https:\/\/www.data-protector.org\/wordpress\/?s=best+practice+guide BRICK \u2013 Backup Related Information Collector and Keeper &#8211; Version 1.20 (Pre 1.10 versions removed) https:\/\/www.data-protector.org\/wordpress\/?s=BRICK [&hellip;]<\/p>\n","protected":false},"author":1,"featured_media":0,"parent":0,"menu_order":0,"comment_status":"open","ping_status":"open","template":"","meta":{"_mi_skip_tracking":false,"spay_email":""},"translation":{"provider":"WPGlobus","version":"2.8.8","language":"en","enabled_languages":["en","de"],"languages":{"en":{"title":true,"content":true,"excerpt":false},"de":{"title":false,"content":true,"excerpt":false}}},"jetpack_shortlink":"https:\/\/wp.me\/P28cjj-id","jetpack_sharing_enabled":true,"jetpack-related-posts":[{"id":4248,"url":"https:\/\/www.data-protector.org\/wordpress\/about\/team\/","url_meta":{"origin":1129,"position":0},"title":"Team","date":"27. June 2018","format":false,"excerpt":"In memoriam Daniel Braun\u00a0 \u00a0\ud83d\udd46 15.02.2017 Founder, inventor, creator, mastermind, and much more of data-protector.org. He might be gone but he shall not be forgotten by honoring his legacy here on this site. Administrator: Stephan Voss Contact: Stephan@data-protector.org Current owner of data-protector.org with a passion for perfection. Data Protector experience\u2026","rel":"","context":"Similar post","img":{"alt_text":"","src":"","width":0,"height":0},"classes":[]},{"id":52,"url":"https:\/\/www.data-protector.org\/wordpress\/whitepaper\/","url_meta":{"origin":1129,"position":1},"title":"Whitepaper","date":"4. April 2016","format":false,"excerpt":"{:en} With friendly permission of HPE withhin this article known Data Protector whitepapers are listed. Older versions (pre DP 7) were removed. For some whitepaper a Passport Account may required. Data Protector 9.xx Whitepaper: Integrating data protection for VMware Infrastructure Cloud Service Automation and Data Protector Data Protector 7.0 Whitepaper:\u2026","rel":"","context":"With 2 comments","img":{"alt_text":"","src":"","width":0,"height":0},"classes":[]},{"id":4254,"url":"https:\/\/www.data-protector.org\/wordpress\/about\/","url_meta":{"origin":1129,"position":2},"title":"About","date":"27. June 2018","format":false,"excerpt":"Placeholder - Please use the menu to navigate to the page you want to see.","rel":"","context":"Similar post","img":{"alt_text":"","src":"","width":0,"height":0},"classes":[]},{"id":3292,"url":"https:\/\/www.data-protector.org\/wordpress\/webinars\/","url_meta":{"origin":1129,"position":3},"title":"Webinars","date":"9. January 2017","format":false,"excerpt":"{:en}In the following list is an overview of the currently available webinars, unfortunately the content is in German only. {:}{:de}In der nachstehenden Liste befindet sich eine \u00dcbersicht der verf\u00fcgbaren Webinare. Nat\u00fcrlich ist auch der \"Data Protector zum Wochenstart\" dabei. {:}","rel":"","context":"Similar post","img":{"alt_text":"","src":"","width":0,"height":0},"classes":[]},{"id":1591,"url":"https:\/\/www.data-protector.org\/wordpress\/faq\/","url_meta":{"origin":1129,"position":4},"title":"FAQ","date":"29. April 2013","format":false,"excerpt":"{:en} BRICK FAQ: The script displays \"Out of memory\" The script might display a message \"Out of memory\" and dies. This can happen when the filesize of the debug.log is too big (at least 1 GB). In this case try to cycle the debug.log. BRICK FAQ: The script cannot be\u2026","rel":"","context":"With 36 comments","img":{"alt_text":"","src":"","width":0,"height":0},"classes":[]},{"id":1564,"url":"https:\/\/www.data-protector.org\/wordpress\/videotutorials\/","url_meta":{"origin":1129,"position":5},"title":"Video Tutorials","date":"17. August 2014","format":false,"excerpt":"{:en}Within the category video tutorials, some videos regarding HP Data Protector are published. There will be additional videos added from time to time, describing features in HP Data Protector and related products. For any feedback or to request a tutorial, please use the contact form below. The videos will be\u2026","rel":"","context":"With 12 comments","img":{"alt_text":"","src":"","width":0,"height":0},"classes":[]}],"_links":{"self":[{"href":"https:\/\/www.data-protector.org\/wordpress\/wp-json\/wp\/v2\/pages\/1129"}],"collection":[{"href":"https:\/\/www.data-protector.org\/wordpress\/wp-json\/wp\/v2\/pages"}],"about":[{"href":"https:\/\/www.data-protector.org\/wordpress\/wp-json\/wp\/v2\/types\/page"}],"author":[{"embeddable":true,"href":"https:\/\/www.data-protector.org\/wordpress\/wp-json\/wp\/v2\/users\/1"}],"replies":[{"embeddable":true,"href":"https:\/\/www.data-protector.org\/wordpress\/wp-json\/wp\/v2\/comments?post=1129"}],"version-history":[{"count":35,"href":"https:\/\/www.data-protector.org\/wordpress\/wp-json\/wp\/v2\/pages\/1129\/revisions"}],"predecessor-version":[{"id":3987,"href":"https:\/\/www.data-protector.org\/wordpress\/wp-json\/wp\/v2\/pages\/1129\/revisions\/3987"}],"wp:attachment":[{"href":"https:\/\/www.data-protector.org\/wordpress\/wp-json\/wp\/v2\/media?parent=1129"}],"curies":[{"name":"wp","href":"https:\/\/api.w.org\/{rel}","templated":true}]}}