{"id":4248,"date":"2018-06-27T12:45:52","date_gmt":"2018-06-27T11:45:52","guid":{"rendered":"https:\/\/www.data-protector.org\/wordpress\/?page_id=4248"},"modified":"2018-12-20T20:00:20","modified_gmt":"2018-12-20T19:00:20","slug":"team","status":"publish","type":"page","link":"https:\/\/www.data-protector.org\/wordpress\/about\/team\/","title":{"rendered":"Team"},"content":{"rendered":"<h1>In memoriam<\/h1>\n<p><strong><a href=\"https:\/\/www.data-protector.org\/wordpress\/author\/danielbraun\/\">Daniel Braun<\/a>\u00a0 \u00a0\ud83d\udd46 15.02.2017<\/strong><\/p>\n<p>Founder, inventor, creator, mastermind, and much more of data-protector.org.<\/p>\n<p>He might be gone but he shall not be forgotten by honoring his legacy here on this site.<\/p>\n<hr \/>\n<h2>Administrator:<\/h2>\n<p><a href=\"https:\/\/www.data-protector.org\/wordpress\/author\/svoss\/\"><strong>Stephan Voss<\/strong><\/a><\/p>\n<p>Contact: <a href=\"&#109;&#x61;i&#x6c;t&#x6f;:&#x53;t&#101;&#x70;&#104;&#x61;n&#x40;d&#x61;t&#97;&#x2d;&#112;&#x72;o&#x74;e&#x63;t&#x6f;r&#46;&#x6f;&#114;&#x67;\">&#x53;&#x74;ep&#x68;&#x61;&#110;&#64;d&#x61;&#x74;&#97;-p&#x72;&#x6f;&#116;ec&#x74;&#x6f;r.&#x6f;&#x72;&#103;<\/a><\/p>\n<p>Current owner of data-protector.org with a passion for perfection.<\/p>\n<p>Data Protector experience since version 2.x with focus on Windows and HP-UX.<\/p>\n<hr \/>\n<h2>Author:<\/h2>\n<p><a href=\"https:\/\/www.data-protector.org\/wordpress\/author\/skoehler\/\"><strong>Sebastian Koehler<\/strong><\/a><\/p>\n<p>Contact: <a href=\"&#x6d;&#x61;&#x69;&#x6c;&#x74;&#x6f;&#x3a;&#x53;&#x65;&#x62;&#x61;&#x73;&#x74;&#x69;&#x61;&#x6e;&#x40;&#x64;&#x61;&#x74;&#x61;&#x2d;&#112;&#114;&#111;&#116;&#101;&#99;&#116;&#111;r.org\">Sebast&#105;&#97;&#110;&#x40;&#x64;&#x61;&#x74;&#x61;&#x2d;&#x70;rotecto&#114;&#46;&#x6f;&#x72;&#x67;<\/a><\/p>\n<p>24&#215;7 Geek with an insane relationship to wizards.<\/p>\n<p>Data Protector experience since version 5.x with focus on Linux, VMS, Solaris and Windows.<\/p>\n<hr \/>\n<h2>General:<\/h2>\n<p>Requests or any kind of questions can be send to <a href=\"&#x6d;a&#x69;&#x6c;t&#x6f;&#x3a;a&#x64;&#x6d;i&#x6e;&#x40;d&#x61;&#x74;a&#x2d;&#112;r&#x6f;&#116;e&#x63;&#116;o&#x72;&#46;o&#x72;&#103;\">a&#x64;m&#105;&#x6e;&#64;&#100;&#x61;t&#x61;&#x2d;p&#x72;o&#116;&#x65;c&#116;&#x6f;r&#x2e;&#x6f;r&#x67;<\/a> &#8211; this mailbox is monitored by the whole team and we try to answer as soon as possible.<\/p>\n","protected":false},"excerpt":{"rendered":"<p>In memoriam Daniel Braun\u00a0 \u00a0\ud83d\udd46 15.02.2017 Founder, inventor, creator, mastermind, and much more of data-protector.org. He might be gone but he shall not be forgotten by honoring his legacy here on this site. Administrator: Stephan Voss Contact: &#83;t&#x65;p&#x68;a&#x6e;&#64;&#x64;&#97;&#x74;&#97;-&#x70;r&#x6f;t&#x65;c&#x74;o&#x72;&#46;&#x6f;&#114;g Current owner of data-protector.org with a passion for perfection. Data Protector experience since version 2.x with focus [&hellip;]<\/p>\n","protected":false},"author":4,"featured_media":0,"parent":4254,"menu_order":3,"comment_status":"closed","ping_status":"closed","template":"","meta":{"_mi_skip_tracking":false,"spay_email":""},"translation":{"provider":"WPGlobus","version":"2.8.8","language":"en","enabled_languages":["en","de"],"languages":{"en":{"title":true,"content":true,"excerpt":false},"de":{"title":false,"content":false,"excerpt":false}}},"jetpack_shortlink":"https:\/\/wp.me\/P28cjj-16w","jetpack_sharing_enabled":false,"jetpack-related-posts":[{"id":4254,"url":"https:\/\/www.data-protector.org\/wordpress\/about\/","url_meta":{"origin":4248,"position":0},"title":"About","date":"27. June 2018","format":false,"excerpt":"Placeholder - Please use the menu to navigate to the page you want to see.","rel":"","context":"Similar post","img":{"alt_text":"","src":"","width":0,"height":0},"classes":[]},{"id":1129,"url":"https:\/\/www.data-protector.org\/wordpress\/downloads\/","url_meta":{"origin":4248,"position":1},"title":"Downloads","date":"13. May 2016","format":false,"excerpt":"{:en}Please find below all available downloads from this blog. BRICK \u2013 Backup Related Information Collector and Keeper - Version 2.0 https:\/\/www.data-protector.org\/wordpress\/?s=BRICK EADR for Cell Server - DP 9.06 on Windows 2012 R2 https:\/\/www.data-protector.org\/wordpress\/2016\/05\/prepare-and-execute-eadr-cell-server-on-windows-2012-r2-data-protector-9-06\/ Data Protector Best Practice Guide https:\/\/www.data-protector.org\/wordpress\/?s=best+practice+guide BRICK \u2013 Backup Related Information Collector and Keeper - Version 1.20\u2026","rel":"","context":"With 3 comments","img":{"alt_text":"","src":"","width":0,"height":0},"classes":[]},{"id":65,"url":"https:\/\/www.data-protector.org\/wordpress\/about\/imprint\/","url_meta":{"origin":4248,"position":2},"title":"Imprint","date":"28. June 2010","format":false,"excerpt":"{:en}Disclaimer: Private Website to honor the legacy of Daniel Braun Responsible for content according to \u00a7 55 Abs. 2 RStV: Stephan Voss or the named content writer of the posting. Despite careful control we assume no liability for the content of external links. The operators are exclusively responsible for the\u2026","rel":"","context":"Similar post","img":{"alt_text":"","src":"","width":0,"height":0},"classes":[]},{"id":52,"url":"https:\/\/www.data-protector.org\/wordpress\/whitepaper\/","url_meta":{"origin":4248,"position":3},"title":"Whitepaper","date":"4. April 2016","format":false,"excerpt":"{:en} With friendly permission of HPE withhin this article known Data Protector whitepapers are listed. Older versions (pre DP 7) were removed. For some whitepaper a Passport Account may required. Data Protector 9.xx Whitepaper: Integrating data protection for VMware Infrastructure Cloud Service Automation and Data Protector Data Protector 7.0 Whitepaper:\u2026","rel":"","context":"With 2 comments","img":{"alt_text":"","src":"","width":0,"height":0},"classes":[]},{"id":3292,"url":"https:\/\/www.data-protector.org\/wordpress\/webinars\/","url_meta":{"origin":4248,"position":4},"title":"Webinars","date":"9. January 2017","format":false,"excerpt":"{:en}In the following list is an overview of the currently available webinars, unfortunately the content is in German only. {:}{:de}In der nachstehenden Liste befindet sich eine \u00dcbersicht der verf\u00fcgbaren Webinare. Nat\u00fcrlich ist auch der \"Data Protector zum Wochenstart\" dabei. {:}","rel":"","context":"Similar post","img":{"alt_text":"","src":"","width":0,"height":0},"classes":[]},{"id":4239,"url":"https:\/\/www.data-protector.org\/wordpress\/data-protector-links\/","url_meta":{"origin":4248,"position":5},"title":"Data Protector links","date":"19. June 2018","format":false,"excerpt":"{:en}Following you can find the most frequently searched URL's, we try to keep this as up to date as possible. Disclaimer: The preceding links refer to external websites of third parties on whose contents we have no influence. Therefore, we can not assume any liability for these external contents. The\u2026","rel":"","context":"Similar post","img":{"alt_text":"","src":"","width":0,"height":0},"classes":[]}],"_links":{"self":[{"href":"https:\/\/www.data-protector.org\/wordpress\/wp-json\/wp\/v2\/pages\/4248"}],"collection":[{"href":"https:\/\/www.data-protector.org\/wordpress\/wp-json\/wp\/v2\/pages"}],"about":[{"href":"https:\/\/www.data-protector.org\/wordpress\/wp-json\/wp\/v2\/types\/page"}],"author":[{"embeddable":true,"href":"https:\/\/www.data-protector.org\/wordpress\/wp-json\/wp\/v2\/users\/4"}],"replies":[{"embeddable":true,"href":"https:\/\/www.data-protector.org\/wordpress\/wp-json\/wp\/v2\/comments?post=4248"}],"version-history":[{"count":15,"href":"https:\/\/www.data-protector.org\/wordpress\/wp-json\/wp\/v2\/pages\/4248\/revisions"}],"predecessor-version":[{"id":4456,"href":"https:\/\/www.data-protector.org\/wordpress\/wp-json\/wp\/v2\/pages\/4248\/revisions\/4456"}],"up":[{"embeddable":true,"href":"https:\/\/www.data-protector.org\/wordpress\/wp-json\/wp\/v2\/pages\/4254"}],"wp:attachment":[{"href":"https:\/\/www.data-protector.org\/wordpress\/wp-json\/wp\/v2\/media?parent=4248"}],"curies":[{"name":"wp","href":"https:\/\/api.w.org\/{rel}","templated":true}]}}